{"id":1363,"date":"2024-04-17T10:11:06","date_gmt":"2024-04-17T10:11:06","guid":{"rendered":"https:\/\/acheron.qodeinteractive.com\/?page_id=1363"},"modified":"2025-10-20T13:39:00","modified_gmt":"2025-10-20T13:39:00","slug":"actualite","status":"publish","type":"page","link":"https:\/\/green-insurance-brokerage.com\/site\/actualite\/","title":{"rendered":"Actualite"},"content":{"rendered":"\t\t<div data-elementor-type=\"wp-page\" data-elementor-id=\"1363\" class=\"elementor elementor-1363\" data-elementor-post-type=\"page\">\n\t\t\t\t<div class=\"elementor-element elementor-element-e3ef58c e-con-full e-flex e-con e-parent\" data-id=\"e3ef58c\" data-element_type=\"container\">\n\t\t\t\t<div class=\"elementor-element elementor-element-779ffae elementor-widget elementor-widget-acheron_core_blog_list\" data-id=\"779ffae\" data-element_type=\"widget\" data-widget_type=\"acheron_core_blog_list.default\">\n\t\t\t\t<div class=\"elementor-widget-container\">\n\t\t\t<div class=\"qodef-shortcode qodef-m  qodef-blog qodef--list qodef-item-layout--standard qodef-grid qodef-layout--columns   qodef-vertical-gutter--custom qodef-col-num--1 qodef-item-layout--standard qodef-pagination--on qodef-pagination-type--standard qodef-responsive--predefined\" style=\"--qode-vertical-gutter-custom: 107px;--qode-vertical-gutter-custom-1512: 90px;--qode-vertical-gutter-custom-1200: 90px;--qode-vertical-gutter-custom-880: 80px\" data-options=\"{&quot;plugin&quot;:&quot;acheron_core&quot;,&quot;module&quot;:&quot;blog\\\/shortcodes&quot;,&quot;shortcode&quot;:&quot;blog-list&quot;,&quot;post_type&quot;:&quot;post&quot;,&quot;next_page&quot;:&quot;2&quot;,&quot;max_pages_num&quot;:1,&quot;behavior&quot;:&quot;columns&quot;,&quot;images_proportion&quot;:&quot;full&quot;,&quot;columns&quot;:&quot;1&quot;,&quot;columns_responsive&quot;:&quot;predefined&quot;,&quot;vertical_space&quot;:&quot;custom&quot;,&quot;vertical_space_custom&quot;:&quot;107px&quot;,&quot;vertical_space_custom_1512&quot;:&quot;90px&quot;,&quot;vertical_space_custom_1200&quot;:&quot;90px&quot;,&quot;vertical_space_custom_880&quot;:&quot;80px&quot;,&quot;posts_per_page&quot;:&quot;5&quot;,&quot;orderby&quot;:&quot;date&quot;,&quot;order&quot;:&quot;ASC&quot;,&quot;additional_params&quot;:&quot;tax&quot;,&quot;tax&quot;:&quot;category&quot;,&quot;tax_slug&quot;:&quot;car, blog&quot;,&quot;layout&quot;:&quot;standard&quot;,&quot;title_tag&quot;:&quot;h3&quot;,&quot;excerpt_length&quot;:&quot;400&quot;,&quot;static_title_tag&quot;:&quot;h2&quot;,&quot;disable_title_break_words&quot;:&quot;no&quot;,&quot;pagination_type&quot;:&quot;standard&quot;,&quot;pagination_top_margin&quot;:&quot;margin-top: 14%&quot;,&quot;object_class_name&quot;:&quot;AcheronCore_Blog_List_Shortcode&quot;,&quot;taxonomy_filter&quot;:&quot;category&quot;,&quot;additional_query_args&quot;:{&quot;tax_query&quot;:[{&quot;taxonomy&quot;:&quot;category&quot;,&quot;field&quot;:&quot;slug&quot;,&quot;terms&quot;:[&quot;car&quot;,&quot; blog&quot;]}]},&quot;holder_styles&quot;:{&quot;vertical_custom&quot;:&quot;--qode-vertical-gutter-custom: 107px&quot;,&quot;vertical_custom_1512&quot;:&quot;--qode-vertical-gutter-custom-1512: 90px&quot;,&quot;vertical_custom_1200&quot;:&quot;--qode-vertical-gutter-custom-1200: 90px&quot;,&quot;vertical_custom_880&quot;:&quot;--qode-vertical-gutter-custom-880: 80px&quot;}}\">\n\t\t<div class=\"qodef-grid-inner\">\n\t\t<article class=\"qodef-e qodef-blog-item qodef-grid-item qodef-item--full post-11726 post type-post status-publish format-standard hentry category-blog\">\n\t<div class=\"qodef-e-inner\">\n\t\t<div class=\"qodef-e-media\">\n\t<\/div>\n\t\t<div class=\"qodef-e-content\">\n\t\t\t<div class=\"qodef-e-top-holder\">\n\t\t\t\t<a itemprop=\"dateCreated\" href=\"https:\/\/green-insurance-brokerage.com\/site\/2025\/10\/\" class=\"entry-date \">\n\toctobre 20, 2025<\/a><div class=\"qodef-info-separator-end\"><\/div>\n<a itemprop=\"author\" href=\"https:\/\/green-insurance-brokerage.com\/site\/author\/jnjeck\/\" class=\"qodef-e-info-author\">By \tjnjeck<\/a><div class=\"qodef-info-separator-end\"><\/div>\n<a href=\"https:\/\/green-insurance-brokerage.com\/site\/category\/blog\/\" rel=\"tag\">Blog<\/a><div class=\"qodef-info-separator-end\"><\/div>\t\t\t<\/div>\n\t\t\t<div class=\"qodef-e-text\">\n\t\t\t\t<h3 itemprop=\"name\" class=\"qodef-e-title entry-title\" >\n\t<a itemprop=\"url\" class=\"qodef-e-title-link\" href=\"https:\/\/green-insurance-brokerage.com\/site\/une-tribune-internationale-pour-renforcer-le-rayonnement-du-cameroun\/\">\n\t\tUne tribune internationale pour renforcer le rayonnement du Cameroun\t<\/a>\n<\/h3>\n\t\t<p itemprop=\"description\" class=\"qodef-e-excerpt\">GREEN INSURANCE S.A a l\u2019honneur d\u2019avoir \u00e9t\u00e9 s\u00e9lectionn\u00e9e comme la seule soci\u00e9t\u00e9 de courtage camerounaise invit\u00e9e \u00e0 la 11e \u00e9dition du Forum des March\u00e9s des Assurances de la FANAF, qui se tiendra \u00e0 Kinshasa (RDC) du 6 au 7 novembre 2025. Organis\u00e9 par la F\u00e9d\u00e9ration des Soci\u00e9t\u00e9s d\u2019Assurances de Droit National Africaines (FANAF) et l\u2019ASAR-RDC, [&hellip;]<\/p>\n\t\t\t\t\t<\/div>\n\t\t\t<div class=\"qodef-e-bottom-holder\">\n\t\t\t\t<div class=\"qodef-e-left\">\n\t\t\t\t\t\t<div class=\"qodef-e-read-more\">\n\t\t<a class=\"qodef-shortcode qodef-m  qodef-button qodef-layout--textual  qodef-html--link\" href=\"https:\/\/green-insurance-brokerage.com\/site\/une-tribune-internationale-pour-renforcer-le-rayonnement-du-cameroun\/\" target=\"_self\" >\t\t<span class=\"qodef-m-text\">Read More<\/span><\/a>\t<\/div>\n\t\t\t\t<\/div>\n\t\t\t\t<div class=\"qodef-e-right qodef-e-info\">\n\t\t\t\t\t\t<div class=\"qodef-e-info-item qodef-e-info-social-share\">\n\t\t<div class=\"qodef-shortcode qodef-m  qodef-social-share clear qodef-layout--text \">\t\t<ul class=\"qodef-shortcode-list\">\t\t<li class=\"qodef-facebook-share\">\t<a itemprop=\"url\" class=\"qodef-share-link\" href=\"#\" onclick=\"window.open(&#039;https:\/\/www.facebook.com\/sharer.php?u=https%3A%2F%2Fgreen-insurance-brokerage.com%2Fsite%2Fune-tribune-internationale-pour-renforcer-le-rayonnement-du-cameroun%2F&#039;, &#039;sharer&#039;, &#039;toolbar=0,status=0,width=620,height=280&#039;);\">\t\t\t\t\t<span class=\"qodef-social-network-text\">fb<\/span>\t\t\t<\/a><\/li><li class=\"qodef-twitter-share\">\t<a itemprop=\"url\" class=\"qodef-share-link\" href=\"#\" onclick=\"window.open(&#039;https:\/\/twitter.com\/intent\/tweet?text=GREEN+INSURANCE+S.A+a+l%E2%80%99honneur+d%E2%80%99avoir+%C3%A9t%C3%A9+s%C3%A9lectionn%C3%A9e+comme+la+seule+soci%C3%A9t%C3%A9+de+courtage++via+%40QodeInteractivehttps:\/\/green-insurance-brokerage.com\/site\/une-tribune-internationale-pour-renforcer-le-rayonnement-du-cameroun\/&#039;, &#039;popupwindow&#039;, &#039;scrollbars=yes,width=800,height=400&#039;);\">\t\t\t\t\t<span class=\"qodef-social-network-text\">tw<\/span>\t\t\t<\/a><\/li><li class=\"qodef-linkedin-share\">\t<a itemprop=\"url\" class=\"qodef-share-link\" href=\"#\" onclick=\"popUp=window.open(&#039;https:\/\/www.linkedin.com\/sharing\/share-offsite?url==https%3A%2F%2Fgreen-insurance-brokerage.com%2Fsite%2Fune-tribune-internationale-pour-renforcer-le-rayonnement-du-cameroun%2F&amp;title=Une+tribune+internationale+pour+renforcer+le+rayonnement+du+Cameroun&#039;, &#039;popupwindow&#039;, &#039;scrollbars=yes,width=800,height=400&#039;);popUp.focus();return false;\">\t\t\t\t\t<span class=\"qodef-social-network-text\">lnkd<\/span>\t\t\t<\/a><\/li>\t<\/ul><\/div>\t<\/div>\n\t\t\t\t<\/div>\n\t\t\t<\/div>\n\t\t<\/div>\n\t<\/div>\n<\/article>\n\t<\/div>\n\t<\/div>\n\t\t<\/div>\n\t\t\t\t<\/div>\n\t\t\t\t<\/div>\n\t\t\t\t<\/div>\n\t\t","protected":false},"excerpt":{"rendered":"<p>octobre 20, 2025 By jnjeck Blog Une tribune internationale pour renforcer le rayonnement du Cameroun GREEN INSURANCE S.A a l\u2019honneur d\u2019avoir \u00e9t\u00e9 s\u00e9lectionn\u00e9e comme la seule soci\u00e9t\u00e9 de courtage camerounaise invit\u00e9e \u00e0 la 11e \u00e9dition du Forum des March\u00e9s des Assurances de la FANAF, qui se tiendra \u00e0 Kinshasa (RDC) du 6 au 7 novembre [&hellip;]<\/p>\n","protected":false},"author":1,"featured_media":0,"parent":0,"menu_order":0,"comment_status":"closed","ping_status":"closed","template":"","meta":{"footnotes":""},"class_list":["post-1363","page","type-page","status-publish","hentry"],"yoast_head":"<!-- This site is optimized with the Yoast SEO plugin v24.0 - https:\/\/yoast.com\/wordpress\/plugins\/seo\/ -->\n<title>Actualite - Green Insurance Brokerage SA<\/title>\n<meta name=\"robots\" content=\"index, follow, max-snippet:-1, max-image-preview:large, max-video-preview:-1\" \/>\n<link rel=\"canonical\" href=\"https:\/\/green-insurance-brokerage.com\/site\/actualite\/\" \/>\n<meta property=\"og:locale\" content=\"fr_FR\" \/>\n<meta property=\"og:type\" content=\"article\" \/>\n<meta property=\"og:title\" content=\"Actualite - Green Insurance Brokerage SA\" \/>\n<meta property=\"og:description\" content=\"octobre 20, 2025 By jnjeck Blog Une tribune internationale pour renforcer le rayonnement du Cameroun GREEN INSURANCE S.A a l\u2019honneur d\u2019avoir \u00e9t\u00e9 s\u00e9lectionn\u00e9e comme la seule soci\u00e9t\u00e9 de courtage camerounaise invit\u00e9e \u00e0 la 11e \u00e9dition du Forum des March\u00e9s des Assurances de la FANAF, qui se tiendra \u00e0 Kinshasa (RDC) du 6 au 7 novembre [&hellip;]\" \/>\n<meta property=\"og:url\" content=\"https:\/\/green-insurance-brokerage.com\/site\/actualite\/\" \/>\n<meta property=\"og:site_name\" content=\"Green Insurance Brokerage SA\" \/>\n<meta property=\"article:modified_time\" content=\"2025-10-20T13:39:00+00:00\" \/>\n<meta name=\"twitter:card\" content=\"summary_large_image\" \/>\n<meta name=\"twitter:label1\" content=\"Dur\u00e9e de lecture estim\u00e9e\" \/>\n\t<meta name=\"twitter:data1\" content=\"1 minute\" \/>\n<script type=\"application\/ld+json\" class=\"yoast-schema-graph\">{\"@context\":\"https:\/\/schema.org\",\"@graph\":[{\"@type\":\"WebPage\",\"@id\":\"https:\/\/green-insurance-brokerage.com\/site\/actualite\/\",\"url\":\"https:\/\/green-insurance-brokerage.com\/site\/actualite\/\",\"name\":\"Actualite - Green Insurance Brokerage SA\",\"isPartOf\":{\"@id\":\"https:\/\/green-insurance-brokerage.com\/site\/#website\"},\"datePublished\":\"2024-04-17T10:11:06+00:00\",\"dateModified\":\"2025-10-20T13:39:00+00:00\",\"breadcrumb\":{\"@id\":\"https:\/\/green-insurance-brokerage.com\/site\/actualite\/#breadcrumb\"},\"inLanguage\":\"fr-FR\",\"potentialAction\":[{\"@type\":\"ReadAction\",\"target\":[\"https:\/\/green-insurance-brokerage.com\/site\/actualite\/\"]}]},{\"@type\":\"BreadcrumbList\",\"@id\":\"https:\/\/green-insurance-brokerage.com\/site\/actualite\/#breadcrumb\",\"itemListElement\":[{\"@type\":\"ListItem\",\"position\":1,\"name\":\"Accueil\",\"item\":\"https:\/\/green-insurance-brokerage.com\/site\/\"},{\"@type\":\"ListItem\",\"position\":2,\"name\":\"Actualite\"}]},{\"@type\":\"WebSite\",\"@id\":\"https:\/\/green-insurance-brokerage.com\/site\/#website\",\"url\":\"https:\/\/green-insurance-brokerage.com\/site\/\",\"name\":\"Green Insurance Brokerage SA\",\"description\":\"L&#039;assurance simplifi\u00e9e, \u00e0 port\u00e9e de clic!\",\"publisher\":{\"@id\":\"https:\/\/green-insurance-brokerage.com\/site\/#organization\"},\"potentialAction\":[{\"@type\":\"SearchAction\",\"target\":{\"@type\":\"EntryPoint\",\"urlTemplate\":\"https:\/\/green-insurance-brokerage.com\/site\/?s={search_term_string}\"},\"query-input\":{\"@type\":\"PropertyValueSpecification\",\"valueRequired\":true,\"valueName\":\"search_term_string\"}}],\"inLanguage\":\"fr-FR\"},{\"@type\":\"Organization\",\"@id\":\"https:\/\/green-insurance-brokerage.com\/site\/#organization\",\"name\":\"Green Insurance Brokerage SA\",\"url\":\"https:\/\/green-insurance-brokerage.com\/site\/\",\"logo\":{\"@type\":\"ImageObject\",\"inLanguage\":\"fr-FR\",\"@id\":\"https:\/\/green-insurance-brokerage.com\/site\/#\/schema\/logo\/image\/\",\"url\":\"https:\/\/green-insurance-brokerage.com\/site\/wp-content\/uploads\/2024\/12\/LOGO_HEADER1.png\",\"contentUrl\":\"https:\/\/green-insurance-brokerage.com\/site\/wp-content\/uploads\/2024\/12\/LOGO_HEADER1.png\",\"width\":1334,\"height\":296,\"caption\":\"Green Insurance Brokerage SA\"},\"image\":{\"@id\":\"https:\/\/green-insurance-brokerage.com\/site\/#\/schema\/logo\/image\/\"}}]}<\/script>\n<!-- \/ Yoast SEO plugin. -->","yoast_head_json":{"title":"Actualite - Green Insurance Brokerage SA","robots":{"index":"index","follow":"follow","max-snippet":"max-snippet:-1","max-image-preview":"max-image-preview:large","max-video-preview":"max-video-preview:-1"},"canonical":"https:\/\/green-insurance-brokerage.com\/site\/actualite\/","og_locale":"fr_FR","og_type":"article","og_title":"Actualite - Green Insurance Brokerage SA","og_description":"octobre 20, 2025 By jnjeck Blog Une tribune internationale pour renforcer le rayonnement du Cameroun GREEN INSURANCE S.A a l\u2019honneur d\u2019avoir \u00e9t\u00e9 s\u00e9lectionn\u00e9e comme la seule soci\u00e9t\u00e9 de courtage camerounaise invit\u00e9e \u00e0 la 11e \u00e9dition du Forum des March\u00e9s des Assurances de la FANAF, qui se tiendra \u00e0 Kinshasa (RDC) du 6 au 7 novembre [&hellip;]","og_url":"https:\/\/green-insurance-brokerage.com\/site\/actualite\/","og_site_name":"Green Insurance Brokerage SA","article_modified_time":"2025-10-20T13:39:00+00:00","twitter_card":"summary_large_image","twitter_misc":{"Dur\u00e9e de lecture estim\u00e9e":"1 minute"},"schema":{"@context":"https:\/\/schema.org","@graph":[{"@type":"WebPage","@id":"https:\/\/green-insurance-brokerage.com\/site\/actualite\/","url":"https:\/\/green-insurance-brokerage.com\/site\/actualite\/","name":"Actualite - Green Insurance Brokerage SA","isPartOf":{"@id":"https:\/\/green-insurance-brokerage.com\/site\/#website"},"datePublished":"2024-04-17T10:11:06+00:00","dateModified":"2025-10-20T13:39:00+00:00","breadcrumb":{"@id":"https:\/\/green-insurance-brokerage.com\/site\/actualite\/#breadcrumb"},"inLanguage":"fr-FR","potentialAction":[{"@type":"ReadAction","target":["https:\/\/green-insurance-brokerage.com\/site\/actualite\/"]}]},{"@type":"BreadcrumbList","@id":"https:\/\/green-insurance-brokerage.com\/site\/actualite\/#breadcrumb","itemListElement":[{"@type":"ListItem","position":1,"name":"Accueil","item":"https:\/\/green-insurance-brokerage.com\/site\/"},{"@type":"ListItem","position":2,"name":"Actualite"}]},{"@type":"WebSite","@id":"https:\/\/green-insurance-brokerage.com\/site\/#website","url":"https:\/\/green-insurance-brokerage.com\/site\/","name":"Green Insurance Brokerage SA","description":"L&#039;assurance simplifi\u00e9e, \u00e0 port\u00e9e de clic!","publisher":{"@id":"https:\/\/green-insurance-brokerage.com\/site\/#organization"},"potentialAction":[{"@type":"SearchAction","target":{"@type":"EntryPoint","urlTemplate":"https:\/\/green-insurance-brokerage.com\/site\/?s={search_term_string}"},"query-input":{"@type":"PropertyValueSpecification","valueRequired":true,"valueName":"search_term_string"}}],"inLanguage":"fr-FR"},{"@type":"Organization","@id":"https:\/\/green-insurance-brokerage.com\/site\/#organization","name":"Green Insurance Brokerage SA","url":"https:\/\/green-insurance-brokerage.com\/site\/","logo":{"@type":"ImageObject","inLanguage":"fr-FR","@id":"https:\/\/green-insurance-brokerage.com\/site\/#\/schema\/logo\/image\/","url":"https:\/\/green-insurance-brokerage.com\/site\/wp-content\/uploads\/2024\/12\/LOGO_HEADER1.png","contentUrl":"https:\/\/green-insurance-brokerage.com\/site\/wp-content\/uploads\/2024\/12\/LOGO_HEADER1.png","width":1334,"height":296,"caption":"Green Insurance Brokerage SA"},"image":{"@id":"https:\/\/green-insurance-brokerage.com\/site\/#\/schema\/logo\/image\/"}}]}},"_links":{"self":[{"href":"https:\/\/green-insurance-brokerage.com\/site\/wp-json\/wp\/v2\/pages\/1363"}],"collection":[{"href":"https:\/\/green-insurance-brokerage.com\/site\/wp-json\/wp\/v2\/pages"}],"about":[{"href":"https:\/\/green-insurance-brokerage.com\/site\/wp-json\/wp\/v2\/types\/page"}],"author":[{"embeddable":true,"href":"https:\/\/green-insurance-brokerage.com\/site\/wp-json\/wp\/v2\/users\/1"}],"replies":[{"embeddable":true,"href":"https:\/\/green-insurance-brokerage.com\/site\/wp-json\/wp\/v2\/comments?post=1363"}],"version-history":[{"count":5,"href":"https:\/\/green-insurance-brokerage.com\/site\/wp-json\/wp\/v2\/pages\/1363\/revisions"}],"predecessor-version":[{"id":11730,"href":"https:\/\/green-insurance-brokerage.com\/site\/wp-json\/wp\/v2\/pages\/1363\/revisions\/11730"}],"wp:attachment":[{"href":"https:\/\/green-insurance-brokerage.com\/site\/wp-json\/wp\/v2\/media?parent=1363"}],"curies":[{"name":"wp","href":"https:\/\/api.w.org\/{rel}","templated":true}]}}