{"id":2267,"date":"2024-04-22T08:40:48","date_gmt":"2024-04-22T08:40:48","guid":{"rendered":"https:\/\/acheron.qodeinteractive.com\/?page_id=2267"},"modified":"2025-12-18T10:54:16","modified_gmt":"2025-12-18T10:54:16","slug":"contact-us","status":"publish","type":"page","link":"https:\/\/green-insurance-brokerage.com\/site\/contact-us\/","title":{"rendered":"Nous Contacter"},"content":{"rendered":"\t\t<div data-elementor-type=\"wp-page\" data-elementor-id=\"2267\" class=\"elementor elementor-2267\" data-elementor-post-type=\"page\">\n\t\t\t\t<div class=\"elementor-element elementor-element-c7a3dd8 e-con-full e-flex e-con e-parent\" data-id=\"c7a3dd8\" data-element_type=\"container\" data-settings=\"{&quot;background_background&quot;:&quot;classic&quot;}\">\n\t\t\t\t<div class=\"elementor-element elementor-element-383d3eb elementor-widget elementor-widget-acheron_core_google_map\" data-id=\"383d3eb\" data-element_type=\"widget\" data-widget_type=\"acheron_core_google_map.default\">\n\t\t\t\t<div class=\"elementor-widget-container\">\n\t\t\t<div class=\"qodef-shortcode qodef-m  qodef-google-map\">\n\t<div class=\"qodef-m-map\" id=\"qodef-map-id--142\" data-addresses='[\"3.8762617227374134, 11.531767511157177\",\"4.570242279345902, 13.682290453043752\",\"4.0052946512757925, 9.858077037698598\",\"9.343504393549615, 13.38525174505237\"]' data-pin=https:\/\/green-insurance-brokerage.com\/site\/wp-content\/uploads\/2024\/12\/map-pin_2.png data-unique-id=142 data-height=600><\/div>\n<\/div>\n\t\t<\/div>\n\t\t\t\t<\/div>\n\t\t\t\t<\/div>\n\t\t<div class=\"elementor-element elementor-element-a39fbc1 e-con-full qodef-elementor-content-grid e-flex e-con e-parent\" data-id=\"a39fbc1\" data-element_type=\"container\">\n\t\t\t\t<div class=\"elementor-element elementor-element-6f03ed9 elementor-widget elementor-widget-acheron_core_section_title\" data-id=\"6f03ed9\" data-element_type=\"widget\" data-widget_type=\"acheron_core_section_title.default\">\n\t\t\t\t<div class=\"elementor-widget-container\">\n\t\t\t<div class=\"qodef-shortcode qodef-m  qodef-section-title qodef-alignment--center  \">\n\t\t<h2 class=\"qodef-m-title\" >\n\t\t\t\t\tVous avez une question? Ecrivez nous..\t\t\t<\/h2>\n\t<\/div>\n\t\t<\/div>\n\t\t\t\t<\/div>\n\t\t\t\t<div class=\"elementor-element elementor-element-c43e5f9 elementor-widget__width-initial elementor-widget elementor-widget-wp-widget-acheron_core_contact_form_7\" data-id=\"c43e5f9\" data-element_type=\"widget\" data-widget_type=\"wp-widget-acheron_core_contact_form_7.default\">\n\t\t\t\t<div class=\"elementor-widget-container\">\n\t\t\t\t\t\t<div class=\"qodef-contact-form-7  qodef-button-layout--filled\">\n\t\t\t\t\n<div class=\"wpcf7 no-js\" id=\"wpcf7-f2289-o1\" lang=\"en-US\" dir=\"ltr\" data-wpcf7-id=\"2289\">\n<div class=\"screen-reader-response\"><p role=\"status\" aria-live=\"polite\" aria-atomic=\"true\"><\/p> <ul><\/ul><\/div>\n<form action=\"\/site\/wp-json\/wp\/v2\/pages\/2267#wpcf7-f2289-o1\" method=\"post\" class=\"wpcf7-form init demo\" aria-label=\"Contact form\" novalidate=\"novalidate\" data-status=\"init\">\n<div style=\"display: none;\">\n<input type=\"hidden\" name=\"_wpcf7\" value=\"2289\" \/>\n<input type=\"hidden\" name=\"_wpcf7_version\" value=\"6.0.2\" \/>\n<input type=\"hidden\" name=\"_wpcf7_locale\" value=\"en_US\" \/>\n<input type=\"hidden\" name=\"_wpcf7_unit_tag\" value=\"wpcf7-f2289-o1\" \/>\n<input type=\"hidden\" name=\"_wpcf7_container_post\" value=\"0\" \/>\n<input type=\"hidden\" name=\"_wpcf7_posted_data_hash\" value=\"\" \/>\n<\/div>\n<div class=\"qodef-two-cols qodef-grid qodef-layout--columns qodef-col-num--2 qodefresponsive--custom qodef-col-num--1512--2 qodef-col-num--1368--2 qodef-col-num--\n1024--2 qodef-col-num--880--1 qodef-col-num--680--1\">\n<div class=\"qodef-grid-inner\">\n<div class=\"qodef-grid-item\">\n<span class=\"wpcf7-form-control-wrap\" data-name=\"first-name\"><input size=\"40\" maxlength=\"400\" class=\"wpcf7-form-control wpcf7-text wpcf7-validates-as-required\" aria-required=\"true\" aria-invalid=\"false\" placeholder=\"First name\" value=\"\" type=\"text\" name=\"first-name\" \/><\/span>\n<span class=\"wpcf7-form-control-wrap\" data-name=\"email\"><input size=\"40\" maxlength=\"400\" class=\"wpcf7-form-control wpcf7-email wpcf7-validates-as-required wpcf7-text wpcf7-validates-as-email\" aria-required=\"true\" aria-invalid=\"false\" placeholder=\"E-mail\" value=\"\" type=\"email\" name=\"email\" \/><\/span>\n<\/div>\n<div class=\"qodef-grid-item\">\n<span class=\"wpcf7-form-control-wrap\" data-name=\"last-name\"><input size=\"40\" maxlength=\"400\" class=\"wpcf7-form-control wpcf7-text wpcf7-validates-as-required\" aria-required=\"true\" aria-invalid=\"false\" placeholder=\"Last name\" value=\"\" type=\"text\" name=\"last-name\" \/><\/span> <\/label>\n<span class=\"wpcf7-form-control-wrap\" data-name=\"phone\"><input size=\"40\" maxlength=\"400\" class=\"wpcf7-form-control wpcf7-text wpcf7-validates-as-required\" aria-required=\"true\" aria-invalid=\"false\" placeholder=\"Contact number\" value=\"\" type=\"text\" name=\"phone\" \/><\/span>\n<\/div>\n<\/div>\n<\/div>\n<span class=\"wpcf7-form-control-wrap\" data-name=\"message\"><textarea cols=\"40\" rows=\"10\" maxlength=\"2000\" class=\"wpcf7-form-control wpcf7-textarea\" aria-invalid=\"false\" name=\"message\">Message<\/textarea><\/span>\n<button class=\"wpcf7-form-control wpcf7-submit qodef-button qodef-size--normal qodef-layout--filled qodef-m\" type=\"submit\"><span class=\"qodef-m-text\">Send message<\/span><\/button><div class=\"wpcf7-response-output\" aria-hidden=\"true\"><\/div>\n<\/form>\n<\/div>\n\t\t\t<\/div>\n\t\t\t\t\t<\/div>\n\t\t\t\t<\/div>\n\t\t\t\t<\/div>\n\t\t<div class=\"elementor-element elementor-element-b1ce2ba e-con-full qodef-elementor-content-grid e-flex e-con e-parent\" data-id=\"b1ce2ba\" data-element_type=\"container\">\n\t\t<div class=\"elementor-element elementor-element-a24297c e-con-full e-flex e-con e-child\" data-id=\"a24297c\" data-element_type=\"container\">\n\t\t\t\t<div class=\"elementor-element elementor-element-b500849 elementor-widget elementor-widget-text-editor\" data-id=\"b500849\" data-element_type=\"widget\" data-widget_type=\"text-editor.default\">\n\t\t\t\t<div class=\"elementor-widget-container\">\n\t\t\t\t\t\t\t<h4>Direction G\u00e9n\u00e9rale<\/h4>\t\t\t\t\t\t<\/div>\n\t\t\t\t<\/div>\n\t\t\t\t<div class=\"elementor-element elementor-element-d443e07 qodef--custom-link-hover-color elementor-widget elementor-widget-text-editor\" data-id=\"d443e07\" data-element_type=\"widget\" data-widget_type=\"text-editor.default\">\n\t\t\t\t<div class=\"elementor-widget-container\">\n\t\t\t\t\t\t\t<a href=\"https:\/\/www.google.com\/maps\/place\/21+Madison+Ave,+New+York,+NY+10037,+USA\/@40.8120611,-73.9412656,17z\/data=!3m1!4b1!4m6!3m5!1s0x89c2f70e4ca49721:0x7635fefb6d18a82c!8m2!3d40.8120571!4d-73.9386907!16s%2Fg%2F11vws6xrd8?entry=ttu\" target=\"_blank\" rel=\"noopener\"> Quartier Fouda, Yaound\u00e9<\/a><br\/>\n<a href=\"tel:00123456\">+237 222 203 683<\/a><br\/>\n<a href=\"mailto:acheron@example.com\">contact@green-insurance-brokerage.com<\/a>\t\t\t\t\t\t<\/div>\n\t\t\t\t<\/div>\n\t\t\t\t<\/div>\n\t\t<div class=\"elementor-element elementor-element-6ac847f e-con-full e-flex e-con e-child\" data-id=\"6ac847f\" data-element_type=\"container\">\n\t\t\t\t<div class=\"elementor-element elementor-element-4022c8b elementor-widget elementor-widget-text-editor\" data-id=\"4022c8b\" data-element_type=\"widget\" data-widget_type=\"text-editor.default\">\n\t\t\t\t<div class=\"elementor-widget-container\">\n\t\t\t\t\t\t\t<h4>Agence Douala<\/h4>\t\t\t\t\t\t<\/div>\n\t\t\t\t<\/div>\n\t\t\t\t<div class=\"elementor-element elementor-element-856aa75 qodef--custom-link-hover-color elementor-widget elementor-widget-text-editor\" data-id=\"856aa75\" data-element_type=\"widget\" data-widget_type=\"text-editor.default\">\n\t\t\t\t<div class=\"elementor-widget-container\">\n\t\t\t\t\t\t\t<a href=\"https:\/\/www.google.com\/maps\/place\/21+Madison+Ave,+New+York,+NY+10037,+USA\/@40.8120611,-73.9412656,17z\/data=!3m1!4b1!4m6!3m5!1s0x89c2f70e4ca49721:0x7635fefb6d18a82c!8m2!3d40.8120571!4d-73.9386907!16s%2Fg%2F11vws6xrd8?entry=ttu\" target=\"_blank\" rel=\"noopener\"> Bonanjo, Douala Cameroun<\/a>\n<a href=\"tel:00237699970700\">+237 699 970 700<\/a>\n<a href=\"mailto:acheron@example.com\">contact@green-insurance-brokerage.com<\/a>\t\t\t\t\t\t<\/div>\n\t\t\t\t<\/div>\n\t\t\t\t<\/div>\n\t\t<div class=\"elementor-element elementor-element-66a0cd6 e-con-full e-flex e-con e-child\" data-id=\"66a0cd6\" data-element_type=\"container\">\n\t\t\t\t<div class=\"elementor-element elementor-element-bda3369 elementor-widget elementor-widget-text-editor\" data-id=\"bda3369\" data-element_type=\"widget\" data-widget_type=\"text-editor.default\">\n\t\t\t\t<div class=\"elementor-widget-container\">\n\t\t\t\t\t\t\t<h4>Espace Client Bafoussam<\/h4>\t\t\t\t\t\t<\/div>\n\t\t\t\t<\/div>\n\t\t\t\t<div class=\"elementor-element elementor-element-afd9fce qodef--custom-link-hover-color elementor-widget elementor-widget-text-editor\" data-id=\"afd9fce\" data-element_type=\"widget\" data-widget_type=\"text-editor.default\">\n\t\t\t\t<div class=\"elementor-widget-container\">\n\t\t\t\t\t\t\t<p>A Venir<\/p>\t\t\t\t\t\t<\/div>\n\t\t\t\t<\/div>\n\t\t\t\t<\/div>\n\t\t<div class=\"elementor-element elementor-element-f71934e e-con-full e-flex e-con e-child\" data-id=\"f71934e\" data-element_type=\"container\">\n\t\t\t\t<div class=\"elementor-element elementor-element-675edf7 elementor-widget elementor-widget-text-editor\" data-id=\"675edf7\" data-element_type=\"widget\" data-widget_type=\"text-editor.default\">\n\t\t\t\t<div class=\"elementor-widget-container\">\n\t\t\t\t\t\t\t<h4>Espace Client Bertoua<\/h4>\t\t\t\t\t\t<\/div>\n\t\t\t\t<\/div>\n\t\t\t\t<div class=\"elementor-element elementor-element-35791d4 qodef--custom-link-hover-color elementor-widget elementor-widget-text-editor\" data-id=\"35791d4\" data-element_type=\"widget\" data-widget_type=\"text-editor.default\">\n\t\t\t\t<div class=\"elementor-widget-container\">\n\t\t\t\t\t\t\t<p>A Venir<\/p>\t\t\t\t\t\t<\/div>\n\t\t\t\t<\/div>\n\t\t\t\t<\/div>\n\t\t\t\t<\/div>\n\t\t<div class=\"elementor-element elementor-element-2ce737a e-con-full qodef-elementor-content-grid e-flex e-con e-parent\" data-id=\"2ce737a\" data-element_type=\"container\" data-settings=\"{&quot;background_background&quot;:&quot;classic&quot;}\">\n\t\t<div class=\"elementor-element elementor-element-2cd6f2d e-con-full e-flex e-con e-child\" data-id=\"2cd6f2d\" data-element_type=\"container\">\n\t\t\t\t<div class=\"elementor-element elementor-element-5493779 elementor-widget__width-initial elementor-widget-tablet__width-initial elementor-widget elementor-widget-acheron_core_section_title\" data-id=\"5493779\" data-element_type=\"widget\" data-widget_type=\"acheron_core_section_title.default\">\n\t\t\t\t<div class=\"elementor-widget-container\">\n\t\t\t<div class=\"qodef-shortcode qodef-m  qodef-section-title qodef-alignment--left  \">\n\t\t<h3 class=\"qodef-m-title\" >\n\t\t\t\t\tAbonnez-vous \u00e0 notre <span class=\"qodef-m-underlined\">newsletter<\/span> et soyez inform\u00e9 des derni\u00e8res offres et promotions.\t\t\t<\/h3>\n\t<\/div>\n\t\t<\/div>\n\t\t\t\t<\/div>\n\t\t\t\t<\/div>\n\t\t<div class=\"elementor-element elementor-element-6afff61 e-con-full e-flex e-con e-child\" data-id=\"6afff61\" data-element_type=\"container\">\n\t\t\t\t<div class=\"elementor-element elementor-element-e6f16d6 elementor-widget__width-initial elementor-widget-tablet__width-initial elementor-widget elementor-widget-wp-widget-acheron_core_contact_form_7\" data-id=\"e6f16d6\" data-element_type=\"widget\" data-widget_type=\"wp-widget-acheron_core_contact_form_7.default\">\n\t\t\t\t<div class=\"elementor-widget-container\">\n\t\t\t\t\t\t<div class=\"qodef-contact-form-7  qodef-button-layout--textual\">\n\t\t\t\t\n<div class=\"wpcf7 no-js\" id=\"wpcf7-f434-o2\" lang=\"en-US\" dir=\"ltr\" data-wpcf7-id=\"434\">\n<div class=\"screen-reader-response\"><p role=\"status\" aria-live=\"polite\" aria-atomic=\"true\"><\/p> <ul><\/ul><\/div>\n<form action=\"\/site\/wp-json\/wp\/v2\/pages\/2267#wpcf7-f434-o2\" method=\"post\" class=\"wpcf7-form init demo\" aria-label=\"Contact form\" novalidate=\"novalidate\" data-status=\"init\">\n<div style=\"display: none;\">\n<input type=\"hidden\" name=\"_wpcf7\" value=\"434\" \/>\n<input type=\"hidden\" name=\"_wpcf7_version\" value=\"6.0.2\" \/>\n<input type=\"hidden\" name=\"_wpcf7_locale\" value=\"en_US\" \/>\n<input type=\"hidden\" name=\"_wpcf7_unit_tag\" value=\"wpcf7-f434-o2\" \/>\n<input type=\"hidden\" name=\"_wpcf7_container_post\" value=\"0\" \/>\n<input type=\"hidden\" name=\"_wpcf7_posted_data_hash\" value=\"\" \/>\n<\/div>\n<div class=\"qodef-newsletter\">\n<span class=\"wpcf7-form-control-wrap\" data-name=\"email\"><input size=\"40\" maxlength=\"400\" class=\"wpcf7-form-control wpcf7-email wpcf7-validates-as-required wpcf7-text wpcf7-validates-as-email\" aria-required=\"true\" aria-invalid=\"false\" placeholder=\"Your E-mail\" value=\"\" type=\"email\" name=\"email\" \/><\/span>\n<button class=\"wpcf7-form-control wpcf7-submit qodef-button qodef-size--normal qodef-layout--filled qodef-m\" type=\"submit\"><span class=\"qodef-m-text\">Send<\/span><\/button>\n<\/div><div class=\"wpcf7-response-output\" aria-hidden=\"true\"><\/div>\n<\/form>\n<\/div>\n\t\t\t<\/div>\n\t\t\t\t\t<\/div>\n\t\t\t\t<\/div>\n\t\t\t\t<div class=\"elementor-element elementor-element-4ceec85 elementor-widget__width-initial elementor-widget-tablet__width-initial elementor-widget elementor-widget-text-editor\" data-id=\"4ceec85\" data-element_type=\"widget\" data-widget_type=\"text-editor.default\">\n\t\t\t\t<div class=\"elementor-widget-container\">\n\t\t\t\t\t\t\t<p>*Veillez saissir votre adresse email dans le champs ci-dessus pr\u00e9vu \u00e0 cet effet.<\/p>\t\t\t\t\t\t<\/div>\n\t\t\t\t<\/div>\n\t\t\t\t<\/div>\n\t\t\t\t<\/div>\n\t\t\t\t<\/div>\n\t\t","protected":false},"excerpt":{"rendered":"<p>Vous avez une question? Ecrivez nous.. Direction G\u00e9n\u00e9rale Quartier Fouda, Yaound\u00e9 +237 222 203 683 contact@green-insurance-brokerage.com Agence Douala Bonanjo, Douala Cameroun +237 699 970 700 contact@green-insurance-brokerage.com Espace Client Bafoussam A Venir Espace Client Bertoua A Venir Abonnez-vous \u00e0 notre newsletter et soyez inform\u00e9 des derni\u00e8res offres et promotions. *Veillez saissir votre adresse email dans le [&hellip;]<\/p>\n","protected":false},"author":1,"featured_media":0,"parent":0,"menu_order":0,"comment_status":"closed","ping_status":"closed","template":"page-full-width.php","meta":{"footnotes":""},"class_list":["post-2267","page","type-page","status-publish","hentry"],"yoast_head":"<!-- This site is optimized with the Yoast SEO plugin v24.0 - https:\/\/yoast.com\/wordpress\/plugins\/seo\/ -->\n<title>Nous Contacter - Green Insurance Brokerage SA<\/title>\n<meta name=\"robots\" content=\"index, follow, max-snippet:-1, max-image-preview:large, max-video-preview:-1\" \/>\n<link rel=\"canonical\" href=\"https:\/\/green-insurance-brokerage.com\/site\/contact-us\/\" \/>\n<meta property=\"og:locale\" content=\"fr_FR\" \/>\n<meta property=\"og:type\" content=\"article\" \/>\n<meta property=\"og:title\" content=\"Nous Contacter - Green Insurance Brokerage SA\" \/>\n<meta property=\"og:description\" content=\"Vous avez une question? Ecrivez nous.. Direction G\u00e9n\u00e9rale Quartier Fouda, Yaound\u00e9 +237 222 203 683 contact@green-insurance-brokerage.com Agence Douala Bonanjo, Douala Cameroun +237 699 970 700 contact@green-insurance-brokerage.com Espace Client Bafoussam A Venir Espace Client Bertoua A Venir Abonnez-vous \u00e0 notre newsletter et soyez inform\u00e9 des derni\u00e8res offres et promotions. *Veillez saissir votre adresse email dans le [&hellip;]\" \/>\n<meta property=\"og:url\" content=\"https:\/\/green-insurance-brokerage.com\/site\/contact-us\/\" \/>\n<meta property=\"og:site_name\" content=\"Green Insurance Brokerage SA\" \/>\n<meta property=\"article:modified_time\" content=\"2025-12-18T10:54:16+00:00\" \/>\n<meta name=\"twitter:card\" content=\"summary_large_image\" \/>\n<meta name=\"twitter:label1\" content=\"Dur\u00e9e de lecture estim\u00e9e\" \/>\n\t<meta name=\"twitter:data1\" content=\"16 minutes\" \/>\n<script type=\"application\/ld+json\" class=\"yoast-schema-graph\">{\"@context\":\"https:\/\/schema.org\",\"@graph\":[{\"@type\":\"WebPage\",\"@id\":\"https:\/\/green-insurance-brokerage.com\/site\/contact-us\/\",\"url\":\"https:\/\/green-insurance-brokerage.com\/site\/contact-us\/\",\"name\":\"Nous Contacter - Green Insurance Brokerage SA\",\"isPartOf\":{\"@id\":\"https:\/\/green-insurance-brokerage.com\/site\/#website\"},\"datePublished\":\"2024-04-22T08:40:48+00:00\",\"dateModified\":\"2025-12-18T10:54:16+00:00\",\"breadcrumb\":{\"@id\":\"https:\/\/green-insurance-brokerage.com\/site\/contact-us\/#breadcrumb\"},\"inLanguage\":\"fr-FR\",\"potentialAction\":[{\"@type\":\"ReadAction\",\"target\":[\"https:\/\/green-insurance-brokerage.com\/site\/contact-us\/\"]}]},{\"@type\":\"BreadcrumbList\",\"@id\":\"https:\/\/green-insurance-brokerage.com\/site\/contact-us\/#breadcrumb\",\"itemListElement\":[{\"@type\":\"ListItem\",\"position\":1,\"name\":\"Accueil\",\"item\":\"https:\/\/green-insurance-brokerage.com\/site\/\"},{\"@type\":\"ListItem\",\"position\":2,\"name\":\"Nous Contacter\"}]},{\"@type\":\"WebSite\",\"@id\":\"https:\/\/green-insurance-brokerage.com\/site\/#website\",\"url\":\"https:\/\/green-insurance-brokerage.com\/site\/\",\"name\":\"Green Insurance Brokerage SA\",\"description\":\"L&#039;assurance simplifi\u00e9e, \u00e0 port\u00e9e de clic!\",\"publisher\":{\"@id\":\"https:\/\/green-insurance-brokerage.com\/site\/#organization\"},\"potentialAction\":[{\"@type\":\"SearchAction\",\"target\":{\"@type\":\"EntryPoint\",\"urlTemplate\":\"https:\/\/green-insurance-brokerage.com\/site\/?s={search_term_string}\"},\"query-input\":{\"@type\":\"PropertyValueSpecification\",\"valueRequired\":true,\"valueName\":\"search_term_string\"}}],\"inLanguage\":\"fr-FR\"},{\"@type\":\"Organization\",\"@id\":\"https:\/\/green-insurance-brokerage.com\/site\/#organization\",\"name\":\"Green Insurance Brokerage SA\",\"url\":\"https:\/\/green-insurance-brokerage.com\/site\/\",\"logo\":{\"@type\":\"ImageObject\",\"inLanguage\":\"fr-FR\",\"@id\":\"https:\/\/green-insurance-brokerage.com\/site\/#\/schema\/logo\/image\/\",\"url\":\"https:\/\/green-insurance-brokerage.com\/site\/wp-content\/uploads\/2024\/12\/LOGO_HEADER1.png\",\"contentUrl\":\"https:\/\/green-insurance-brokerage.com\/site\/wp-content\/uploads\/2024\/12\/LOGO_HEADER1.png\",\"width\":1334,\"height\":296,\"caption\":\"Green Insurance Brokerage SA\"},\"image\":{\"@id\":\"https:\/\/green-insurance-brokerage.com\/site\/#\/schema\/logo\/image\/\"}}]}<\/script>\n<!-- \/ Yoast SEO plugin. -->","yoast_head_json":{"title":"Nous Contacter - Green Insurance Brokerage SA","robots":{"index":"index","follow":"follow","max-snippet":"max-snippet:-1","max-image-preview":"max-image-preview:large","max-video-preview":"max-video-preview:-1"},"canonical":"https:\/\/green-insurance-brokerage.com\/site\/contact-us\/","og_locale":"fr_FR","og_type":"article","og_title":"Nous Contacter - Green Insurance Brokerage SA","og_description":"Vous avez une question? Ecrivez nous.. Direction G\u00e9n\u00e9rale Quartier Fouda, Yaound\u00e9 +237 222 203 683 contact@green-insurance-brokerage.com Agence Douala Bonanjo, Douala Cameroun +237 699 970 700 contact@green-insurance-brokerage.com Espace Client Bafoussam A Venir Espace Client Bertoua A Venir Abonnez-vous \u00e0 notre newsletter et soyez inform\u00e9 des derni\u00e8res offres et promotions. *Veillez saissir votre adresse email dans le [&hellip;]","og_url":"https:\/\/green-insurance-brokerage.com\/site\/contact-us\/","og_site_name":"Green Insurance Brokerage SA","article_modified_time":"2025-12-18T10:54:16+00:00","twitter_card":"summary_large_image","twitter_misc":{"Dur\u00e9e de lecture estim\u00e9e":"16 minutes"},"schema":{"@context":"https:\/\/schema.org","@graph":[{"@type":"WebPage","@id":"https:\/\/green-insurance-brokerage.com\/site\/contact-us\/","url":"https:\/\/green-insurance-brokerage.com\/site\/contact-us\/","name":"Nous Contacter - Green Insurance Brokerage SA","isPartOf":{"@id":"https:\/\/green-insurance-brokerage.com\/site\/#website"},"datePublished":"2024-04-22T08:40:48+00:00","dateModified":"2025-12-18T10:54:16+00:00","breadcrumb":{"@id":"https:\/\/green-insurance-brokerage.com\/site\/contact-us\/#breadcrumb"},"inLanguage":"fr-FR","potentialAction":[{"@type":"ReadAction","target":["https:\/\/green-insurance-brokerage.com\/site\/contact-us\/"]}]},{"@type":"BreadcrumbList","@id":"https:\/\/green-insurance-brokerage.com\/site\/contact-us\/#breadcrumb","itemListElement":[{"@type":"ListItem","position":1,"name":"Accueil","item":"https:\/\/green-insurance-brokerage.com\/site\/"},{"@type":"ListItem","position":2,"name":"Nous Contacter"}]},{"@type":"WebSite","@id":"https:\/\/green-insurance-brokerage.com\/site\/#website","url":"https:\/\/green-insurance-brokerage.com\/site\/","name":"Green Insurance Brokerage SA","description":"L&#039;assurance simplifi\u00e9e, \u00e0 port\u00e9e de clic!","publisher":{"@id":"https:\/\/green-insurance-brokerage.com\/site\/#organization"},"potentialAction":[{"@type":"SearchAction","target":{"@type":"EntryPoint","urlTemplate":"https:\/\/green-insurance-brokerage.com\/site\/?s={search_term_string}"},"query-input":{"@type":"PropertyValueSpecification","valueRequired":true,"valueName":"search_term_string"}}],"inLanguage":"fr-FR"},{"@type":"Organization","@id":"https:\/\/green-insurance-brokerage.com\/site\/#organization","name":"Green Insurance Brokerage SA","url":"https:\/\/green-insurance-brokerage.com\/site\/","logo":{"@type":"ImageObject","inLanguage":"fr-FR","@id":"https:\/\/green-insurance-brokerage.com\/site\/#\/schema\/logo\/image\/","url":"https:\/\/green-insurance-brokerage.com\/site\/wp-content\/uploads\/2024\/12\/LOGO_HEADER1.png","contentUrl":"https:\/\/green-insurance-brokerage.com\/site\/wp-content\/uploads\/2024\/12\/LOGO_HEADER1.png","width":1334,"height":296,"caption":"Green Insurance Brokerage SA"},"image":{"@id":"https:\/\/green-insurance-brokerage.com\/site\/#\/schema\/logo\/image\/"}}]}},"_links":{"self":[{"href":"https:\/\/green-insurance-brokerage.com\/site\/wp-json\/wp\/v2\/pages\/2267"}],"collection":[{"href":"https:\/\/green-insurance-brokerage.com\/site\/wp-json\/wp\/v2\/pages"}],"about":[{"href":"https:\/\/green-insurance-brokerage.com\/site\/wp-json\/wp\/v2\/types\/page"}],"author":[{"embeddable":true,"href":"https:\/\/green-insurance-brokerage.com\/site\/wp-json\/wp\/v2\/users\/1"}],"replies":[{"embeddable":true,"href":"https:\/\/green-insurance-brokerage.com\/site\/wp-json\/wp\/v2\/comments?post=2267"}],"version-history":[{"count":19,"href":"https:\/\/green-insurance-brokerage.com\/site\/wp-json\/wp\/v2\/pages\/2267\/revisions"}],"predecessor-version":[{"id":11778,"href":"https:\/\/green-insurance-brokerage.com\/site\/wp-json\/wp\/v2\/pages\/2267\/revisions\/11778"}],"wp:attachment":[{"href":"https:\/\/green-insurance-brokerage.com\/site\/wp-json\/wp\/v2\/media?parent=2267"}],"curies":[{"name":"wp","href":"https:\/\/api.w.org\/{rel}","templated":true}]}}